{"id":202,"date":"2026-03-08T07:49:00","date_gmt":"2026-03-08T07:49:00","guid":{"rendered":"https:\/\/cleanhandssavelives.org\/lacademie\/"},"modified":"2026-03-12T22:23:00","modified_gmt":"2026-03-12T22:23:00","slug":"lacademie","status":"publish","type":"page","link":"https:\/\/cleanhandssavelives.org\/fr\/lacademie\/","title":{"rendered":"L&#8217;acad\u00e9mie"},"content":{"rendered":"\t\t<div data-elementor-type=\"wp-page\" data-elementor-id=\"202\" class=\"elementor elementor-202 elementor-63\" data-elementor-post-type=\"page\">\n\t\t\t\t<div class=\"elementor-element elementor-element-5d69cb4 e-flex e-con-boxed e-con e-parent\" data-id=\"5d69cb4\" data-element_type=\"container\" data-e-type=\"container\" data-settings=\"{&quot;background_background&quot;:&quot;classic&quot;,&quot;jet_parallax_layout_list&quot;:[]}\">\n\t\t\t\t\t<div class=\"e-con-inner\">\n\t\t\t\t<div class=\"elementor-element elementor-element-a74c642 elementor-widget elementor-widget-heading\" data-id=\"a74c642\" data-element_type=\"widget\" data-e-type=\"widget\" data-widget_type=\"heading.default\">\n\t\t\t\t\t<h2 class=\"elementor-heading-title elementor-size-default\">L&#8217;acad\u00e9mie<\/h2>\t\t\t\t<\/div>\n\t\t\t\t\t<\/div>\n\t\t\t\t<\/div>\n\t\t<div class=\"elementor-element elementor-element-ff5e990 e-flex e-con-boxed e-con e-parent\" data-id=\"ff5e990\" data-element_type=\"container\" data-e-type=\"container\" data-settings=\"{&quot;jet_parallax_layout_list&quot;:[]}\">\n\t\t\t\t\t<div class=\"e-con-inner\">\n\t\t<div class=\"elementor-element elementor-element-5241996 e-con-full e-flex e-con e-child\" data-id=\"5241996\" data-element_type=\"container\" data-e-type=\"container\" data-settings=\"{&quot;background_background&quot;:&quot;classic&quot;,&quot;jet_parallax_layout_list&quot;:[]}\">\n\t\t\t\t<\/div>\n\t\t<div class=\"elementor-element elementor-element-df0eac8 e-con-full e-flex e-con e-child\" data-id=\"df0eac8\" data-element_type=\"container\" data-e-type=\"container\" data-settings=\"{&quot;jet_parallax_layout_list&quot;:[]}\">\n\t\t\t\t<div class=\"elementor-element elementor-element-089a9cf elementor-widget elementor-widget-heading\" data-id=\"089a9cf\" data-element_type=\"widget\" data-e-type=\"widget\" data-widget_type=\"heading.default\">\n\t\t\t\t\t<h2 class=\"elementor-heading-title elementor-size-default\">Train-The-Trainers in Hand Hygiene<\/h2>\t\t\t\t<\/div>\n\t\t\t\t<div class=\"elementor-element elementor-element-d05f57f elementor-widget elementor-widget-text-editor\" data-id=\"d05f57f\" data-element_type=\"widget\" data-e-type=\"widget\" data-widget_type=\"text-editor.default\">\n\t\t\t\t\t\t\t\t\t<div class=\"et_pb_text et_pb_module et_pb_bg_layout_light et_pb_text_align_left et_pb_text_0\"><div class=\"et_pb_text_inner\"><p>L&#8217;Acad\u00e9mie donne acc\u00e8s \u00e0 des supports p\u00e9dagogiques d\u00e9velopp\u00e9s dans le cadre du programme \u00ab Former les formateurs \u00e0 l&#8217;hygi\u00e8ne des mains \u00bb. Cet espace soutient les activit\u00e9s de formation dispens\u00e9es \u00e0 l&#8217;\u00e9chelle internationale en offrant un r\u00e9f\u00e9rentiel centralis\u00e9 des ressources p\u00e9dagogiques utilis\u00e9es pendant les cours.  <\/p><p>Les formateurs et les participants peuvent se connecter pour t\u00e9l\u00e9charger les pr\u00e9sentations, les supports p\u00e9dagogiques et les outils pratiques qui accompagnent les sessions de formation. <\/p><p>Ces ressources sont con\u00e7ues pour soutenir la mise en \u0153uvre de la strat\u00e9gie multimodale de l&#8217;OMS pour l&#8217;am\u00e9lioration de l&#8217;hygi\u00e8ne des mains et pour faciliter la diffusion des meilleures pratiques en mati\u00e8re de pr\u00e9vention et de contr\u00f4le des infections dans les \u00e9tablissements de sant\u00e9 du monde entier.<\/p><\/div><\/div>\t\t\t\t\t\t\t\t<\/div>\n\t\t<div class=\"elementor-element elementor-element-8c5af69 e-con-full e-flex e-con e-child\" data-id=\"8c5af69\" data-element_type=\"container\" data-e-type=\"container\" data-settings=\"{&quot;background_background&quot;:&quot;classic&quot;,&quot;jet_parallax_layout_list&quot;:[]}\">\n\t\t\t\t<div class=\"elementor-element elementor-element-98366cd elementor-widget elementor-widget-button\" data-id=\"98366cd\" data-element_type=\"widget\" data-e-type=\"widget\" data-widget_type=\"button.default\">\n\t\t\t\t\t\t\t\t\t\t<a class=\"elementor-button elementor-button-link elementor-size-sm elementor-animation-grow\" href=\"https:\/\/cleanhandssavelives.org\/the-academy\/material\/\">\n\t\t\t\t\t\t<span class=\"elementor-button-content-wrapper\">\n\t\t\t\t\t\t\t\t\t<span class=\"elementor-button-text\">Login<\/span>\n\t\t\t\t\t<\/span>\n\t\t\t\t\t<\/a>\n\t\t\t\t\t\t\t\t<\/div>\n\t\t\t\t<\/div>\n\t\t\t\t<div class=\"elementor-element elementor-element-2284fa1 elementor-widget elementor-widget-text-editor\" data-id=\"2284fa1\" data-element_type=\"widget\" data-e-type=\"widget\" data-widget_type=\"text-editor.default\">\n\t\t\t\t\t\t\t\t\t<div class=\"et_pb_text et_pb_module et_pb_bg_layout_light et_pb_text_align_left et_pb_text_0\"><div class=\"et_pb_text_inner\"><p>Veuillez vous connecter \u00e0 l&#8217;aide du mot de passe fourni pour acc\u00e9der aux supports de formation et aux ressources p\u00e9dagogiques.<\/p><\/div><\/div>\t\t\t\t\t\t\t\t<\/div>\n\t\t\t\t<\/div>\n\t\t\t\t\t<\/div>\n\t\t\t\t<\/div>\n\t\t<div class=\"elementor-element elementor-element-96e8108 e-flex e-con-boxed e-con e-parent\" data-id=\"96e8108\" data-element_type=\"container\" data-e-type=\"container\" data-settings=\"{&quot;background_background&quot;:&quot;classic&quot;,&quot;jet_parallax_layout_list&quot;:[]}\">\n\t\t\t\t\t<div class=\"e-con-inner\">\n\t\t\t\t<div class=\"elementor-element elementor-element-d915daa elementor-widget elementor-widget-heading\" data-id=\"d915daa\" data-element_type=\"widget\" data-e-type=\"widget\" data-widget_type=\"heading.default\">\n\t\t\t\t\t<h2 class=\"elementor-heading-title elementor-size-default\">Organisez une session de formation<\/h2>\t\t\t\t<\/div>\n\t\t\t\t<div class=\"elementor-element elementor-element-81db1d9 elementor-widget elementor-widget-text-editor\" data-id=\"81db1d9\" data-element_type=\"widget\" data-e-type=\"widget\" data-widget_type=\"text-editor.default\">\n\t\t\t\t\t\t\t\t\t<p>Vous souhaitez organiser une session de formation des formateurs en mati\u00e8re d&#8217;hygi\u00e8ne des mains ?<\/p><p>Contactez-nous pour discuter de l&#8217;organisation d&#8217;un cours dans votre r\u00e9gion.<\/p>\t\t\t\t\t\t\t\t<\/div>\n\t\t\t\t<div class=\"elementor-element elementor-element-0f3dc19 elementor-align-center elementor-icon-list--layout-traditional elementor-list-item-link-full_width elementor-widget elementor-widget-icon-list\" data-id=\"0f3dc19\" data-element_type=\"widget\" data-e-type=\"widget\" data-widget_type=\"icon-list.default\">\n\t\t\t\t\t\t\t<ul class=\"elementor-icon-list-items\">\n\t\t\t\t\t\t\t<li class=\"elementor-icon-list-item\">\n\t\t\t\t\t\t\t\t\t\t\t<a href=\"mailto:nds@cleanhandssavelives.org\">\n\n\t\t\t\t\t\t\t\t\t\t\t\t<span class=\"elementor-icon-list-icon\">\n\t\t\t\t\t\t\t<svg aria-hidden=\"true\" class=\"e-font-icon-svg e-far-envelope\" viewBox=\"0 0 512 512\" xmlns=\"http:\/\/www.w3.org\/2000\/svg\"><path d=\"M464 64H48C21.49 64 0 85.49 0 112v288c0 26.51 21.49 48 48 48h416c26.51 0 48-21.49 48-48V112c0-26.51-21.49-48-48-48zm0 48v40.805c-22.422 18.259-58.168 46.651-134.587 106.49-16.841 13.247-50.201 45.072-73.413 44.701-23.208.375-56.579-31.459-73.413-44.701C106.18 199.465 70.425 171.067 48 152.805V112h416zM48 400V214.398c22.914 18.251 55.409 43.862 104.938 82.646 21.857 17.205 60.134 55.186 103.062 54.955 42.717.231 80.509-37.199 103.053-54.947 49.528-38.783 82.032-64.401 104.947-82.653V400H48z\"><\/path><\/svg>\t\t\t\t\t\t<\/span>\n\t\t\t\t\t\t\t\t\t\t<span class=\"elementor-icon-list-text\">nds@cleanhandssavelives.org<\/span>\n\t\t\t\t\t\t\t\t\t\t\t<\/a>\n\t\t\t\t\t\t\t\t\t<\/li>\n\t\t\t\t\t\t<\/ul>\n\t\t\t\t\t\t<\/div>\n\t\t\t\t\t<\/div>\n\t\t\t\t<\/div>\n\t\t\t\t<\/div>\n\t\t","protected":false},"excerpt":{"rendered":"<p>Train-The-Trainers in Hand Hygiene L&#8217;Acad\u00e9mie donne acc\u00e8s \u00e0 des supports p\u00e9dagogiques d\u00e9velopp\u00e9s dans le cadre du programme \u00ab Former les formateurs \u00e0 l&#8217;hygi\u00e8ne des mains \u00bb. Cet espace soutient les activit\u00e9s de formation dispens\u00e9es \u00e0 l&#8217;\u00e9chelle internationale en offrant un r\u00e9f\u00e9rentiel centralis\u00e9 des ressources p\u00e9dagogiques utilis\u00e9es pendant les cours. Les formateurs et les participants peuvent [&hellip;]<\/p>\n","protected":false},"author":1,"featured_media":0,"parent":0,"menu_order":0,"comment_status":"closed","ping_status":"closed","template":"","meta":{"footnotes":""},"class_list":["post-202","page","type-page","status-publish","hentry"],"_links":{"self":[{"href":"https:\/\/cleanhandssavelives.org\/fr\/wp-json\/wp\/v2\/pages\/202","targetHints":{"allow":["GET"]}}],"collection":[{"href":"https:\/\/cleanhandssavelives.org\/fr\/wp-json\/wp\/v2\/pages"}],"about":[{"href":"https:\/\/cleanhandssavelives.org\/fr\/wp-json\/wp\/v2\/types\/page"}],"author":[{"embeddable":true,"href":"https:\/\/cleanhandssavelives.org\/fr\/wp-json\/wp\/v2\/users\/1"}],"replies":[{"embeddable":true,"href":"https:\/\/cleanhandssavelives.org\/fr\/wp-json\/wp\/v2\/comments?post=202"}],"version-history":[{"count":1,"href":"https:\/\/cleanhandssavelives.org\/fr\/wp-json\/wp\/v2\/pages\/202\/revisions"}],"predecessor-version":[{"id":203,"href":"https:\/\/cleanhandssavelives.org\/fr\/wp-json\/wp\/v2\/pages\/202\/revisions\/203"}],"wp:attachment":[{"href":"https:\/\/cleanhandssavelives.org\/fr\/wp-json\/wp\/v2\/media?parent=202"}],"curies":[{"name":"wp","href":"https:\/\/api.w.org\/{rel}","templated":true}]}}