{"id":196,"date":"2026-03-07T23:35:14","date_gmt":"2026-03-07T23:35:14","guid":{"rendered":"https:\/\/cleanhandssavelives.org\/la-cause\/"},"modified":"2026-03-12T22:18:35","modified_gmt":"2026-03-12T22:18:35","slug":"la-cause","status":"publish","type":"page","link":"https:\/\/cleanhandssavelives.org\/fr\/la-cause\/","title":{"rendered":"La cause"},"content":{"rendered":"\t\t<div data-elementor-type=\"wp-page\" data-elementor-id=\"196\" class=\"elementor elementor-196 elementor-46\" data-elementor-post-type=\"page\">\n\t\t\t\t<div class=\"elementor-element elementor-element-fdf179c e-flex e-con-boxed e-con e-parent\" data-id=\"fdf179c\" data-element_type=\"container\" data-e-type=\"container\" data-settings=\"{&quot;background_background&quot;:&quot;classic&quot;,&quot;jet_parallax_layout_list&quot;:[]}\">\n\t\t\t\t\t<div class=\"e-con-inner\">\n\t\t\t\t<div class=\"elementor-element elementor-element-0dc6d5b elementor-widget elementor-widget-heading\" data-id=\"0dc6d5b\" data-element_type=\"widget\" data-e-type=\"widget\" data-widget_type=\"heading.default\">\n\t\t\t\t\t<h2 class=\"elementor-heading-title elementor-size-default\">La cause<\/h2>\t\t\t\t<\/div>\n\t\t\t\t\t<\/div>\n\t\t\t\t<\/div>\n\t\t<div class=\"elementor-element elementor-element-abddb7d e-flex e-con-boxed e-con e-parent\" data-id=\"abddb7d\" data-element_type=\"container\" data-e-type=\"container\" data-settings=\"{&quot;jet_parallax_layout_list&quot;:[]}\">\n\t\t\t\t\t<div class=\"e-con-inner\">\n\t\t<div class=\"elementor-element elementor-element-d40d450 e-con-full e-flex e-con e-child\" data-id=\"d40d450\" data-element_type=\"container\" data-e-type=\"container\" data-settings=\"{&quot;background_background&quot;:&quot;classic&quot;,&quot;jet_parallax_layout_list&quot;:[]}\">\n\t\t\t\t<\/div>\n\t\t<div class=\"elementor-element elementor-element-8eebd43 e-con-full e-flex e-con e-child\" data-id=\"8eebd43\" data-element_type=\"container\" data-e-type=\"container\" data-settings=\"{&quot;jet_parallax_layout_list&quot;:[]}\">\n\t\t\t\t<div class=\"elementor-element elementor-element-3f16908 elementor-widget elementor-widget-text-editor\" data-id=\"3f16908\" data-element_type=\"widget\" data-e-type=\"widget\" data-widget_type=\"text-editor.default\">\n\t\t\t\t\t\t\t\t\t<div class=\"et_pb_column et_pb_column_1_2 et_pb_column_0 et_pb_css_mix_blend_mode_passthrough\"><div class=\"et_pb_text et_pb_module et_pb_bg_layout_light et_pb_text_align_left et_pb_text_0\"><div class=\"et_pb_text_inner\"><p>Les infections nosocomiales sont des maladies acquises durant les soins. Elles d\u00e9ciment chaque ann\u00e9e 16 millions de patients dans le monde. La d\u00e9sinfection des mains \u00e0 l\u2019aide d\u2019une solution hydro-alcoolique permet de diviser par deux le nombre d\u2019infections, et donc de victimes.  <\/p><p>Depuis 2005, l\u2019OMS m\u00e8ne une campagne mondiale pour faire de ce syst\u00e8me un standard international de soins. \u00c0 ce jour, 170 des 194 \u00e9tats membres de l\u2019ONU ont rejoint le mouvement. Ils figurent en rouge sur la carte.  <\/p><\/div><\/div><\/div>\t\t\t\t\t\t\t\t<\/div>\n\t\t\t\t<\/div>\n\t\t\t\t\t<\/div>\n\t\t\t\t<\/div>\n\t\t<div class=\"elementor-element elementor-element-26bb357 e-flex e-con-boxed e-con e-parent\" data-id=\"26bb357\" data-element_type=\"container\" data-e-type=\"container\" data-settings=\"{&quot;jet_parallax_layout_list&quot;:[]}\">\n\t\t\t\t\t<div class=\"e-con-inner\">\n\t\t<div class=\"elementor-element elementor-element-45ef16c e-con-full e-flex e-con e-child\" data-id=\"45ef16c\" data-element_type=\"container\" data-e-type=\"container\" data-settings=\"{&quot;background_background&quot;:&quot;classic&quot;,&quot;jet_parallax_layout_list&quot;:[]}\">\n\t\t\t\t<div class=\"elementor-element elementor-element-f7f2bca elementor-widget elementor-widget-heading\" data-id=\"f7f2bca\" data-element_type=\"widget\" data-e-type=\"widget\" data-widget_type=\"heading.default\">\n\t\t\t\t\t<h3 class=\"elementor-heading-title elementor-size-default\">Statistiques<\/h3>\t\t\t\t<\/div>\n\t\t\t\t<div class=\"elementor-element elementor-element-aea49bd elementor-widget elementor-widget-text-editor\" data-id=\"aea49bd\" data-element_type=\"widget\" data-e-type=\"widget\" data-widget_type=\"text-editor.default\">\n\t\t\t\t\t\t\t\t\t<ul><li><strong>Impact au plan mondial<\/strong><br>Chaque jour, au moins 500\u2019000 personnes contractent une infection nosocomiale dans le monde. 20\u2019000 \u00e0 50\u2019000 d\u00e9c\u00e8dent. <\/li><li><strong>Comparison<\/strong><br>Les infections nosocomiales tuent plus que le SIDA, la malaria et la tuberculose r\u00e9unis.<\/li><li><strong>En occident<\/strong><br>Les infections nosocomiales constituent la 2e cause de mortalit\u00e9, \u00e0 \u00e9galit\u00e9 avec les accidents vasculaires c\u00e9r\u00e9braux (AVC).<\/li><li><strong>USA<\/strong><br>200\u2019000 personnes meurent chaque ann\u00e9e. L\u2019\u00e9quivalent d\u2019un crash de 747 chaque jour. <\/li><li><strong>France<\/strong><br>770\u2019000 Fran\u00e7ais contractent une infection nosocomiale chaque ann\u00e9e. 40\u2019000 sont mortelle <\/li><li><strong>Suisse<\/strong><br>On estime le nombre de personnes touch\u00e9es \u00e0 70\u2019000 par an. 2 000 d\u00e9c\u00e8dent. <\/li><\/ul>\t\t\t\t\t\t\t\t<\/div>\n\t\t\t\t<\/div>\n\t\t<div class=\"elementor-element elementor-element-2ac7188 e-con-full e-flex e-con e-child\" data-id=\"2ac7188\" data-element_type=\"container\" data-e-type=\"container\" data-settings=\"{&quot;background_background&quot;:&quot;classic&quot;,&quot;jet_parallax_layout_list&quot;:[]}\">\n\t\t\t\t<div class=\"elementor-element elementor-element-942cfde elementor-widget elementor-widget-heading\" data-id=\"942cfde\" data-element_type=\"widget\" data-e-type=\"widget\" data-widget_type=\"heading.default\">\n\t\t\t\t\t<h3 class=\"elementor-heading-title elementor-size-default\">Faits marquants<\/h3>\t\t\t\t<\/div>\n\t\t\t\t<div class=\"elementor-element elementor-element-ff6c701 elementor-widget elementor-widget-text-editor\" data-id=\"ff6c701\" data-element_type=\"widget\" data-e-type=\"widget\" data-widget_type=\"text-editor.default\">\n\t\t\t\t\t\t\t\t\t<ul><li><strong>1992<\/strong>: Didier Pittet calculates that with soap and water, a caregiver should wash his hands 22 to 44 minutes per hour to avoid contaminating his patients.<\/li><li><strong>1993<\/strong>\u2009:\u2009\u2009\u2009Dans son h\u00f4pital, il remplace le lavage des mains au lavabo par \u2028la d\u00e9sinfection \u00e0 la solution hydro-alcoolique, qui d\u00e9truit 99,9% des bact\u00e9ries en quelques secondes.<\/li><li><strong>1995<\/strong>\u2009: Il d\u00e9montre que l\u2019introduction de cette nouvelle strat\u00e9gie a diminu\u00e9 le nombre d\u2019infections, donc de victimes, de 50%.<\/li><li><strong>2000<\/strong>\u2009: Publication de ces r\u00e9sultats dans le magazine scientifique The Lancet.<\/li><li><strong>2005<\/strong>\u2009: L\u2019OMS lance sa campagne mondiale pour la s\u00e9curit\u00e9 des patients. La mondialisation de la strat\u00e9gie bas\u00e9e sur la solution hydro-alcoolique est son fer de lance. <\/li><li><strong>2006<\/strong>\u2009: La formule de la solution est rendue publique. Libre de brevets, elle peut \u00eatre fabriqu\u00e9e \u00e0 prix co\u00fbtant par tous les pays du monde \u00e0 partir des ressources locales.<br>A ce jour, 170 des 194 \u00e9tats membres de l\u2019ONU ont rejoint la campagne, qui couvre 80% de la population mondiale. <\/li><\/ul>\t\t\t\t\t\t\t\t<\/div>\n\t\t\t\t<\/div>\n\t\t\t\t\t<\/div>\n\t\t\t\t<\/div>\n\t\t\t\t<\/div>\n\t\t","protected":false},"excerpt":{"rendered":"<p>Les infections nosocomiales sont des maladies acquises durant les soins. Elles d\u00e9ciment chaque ann\u00e9e 16 millions de patients dans le monde. La d\u00e9sinfection des mains \u00e0 l\u2019aide d\u2019une solution hydro-alcoolique permet de diviser par deux le nombre d\u2019infections, et donc de victimes. Depuis 2005, l\u2019OMS m\u00e8ne une campagne mondiale pour faire de ce syst\u00e8me un [&hellip;]<\/p>\n","protected":false},"author":1,"featured_media":0,"parent":0,"menu_order":0,"comment_status":"closed","ping_status":"closed","template":"","meta":{"footnotes":""},"class_list":["post-196","page","type-page","status-publish","hentry"],"_links":{"self":[{"href":"https:\/\/cleanhandssavelives.org\/fr\/wp-json\/wp\/v2\/pages\/196","targetHints":{"allow":["GET"]}}],"collection":[{"href":"https:\/\/cleanhandssavelives.org\/fr\/wp-json\/wp\/v2\/pages"}],"about":[{"href":"https:\/\/cleanhandssavelives.org\/fr\/wp-json\/wp\/v2\/types\/page"}],"author":[{"embeddable":true,"href":"https:\/\/cleanhandssavelives.org\/fr\/wp-json\/wp\/v2\/users\/1"}],"replies":[{"embeddable":true,"href":"https:\/\/cleanhandssavelives.org\/fr\/wp-json\/wp\/v2\/comments?post=196"}],"version-history":[{"count":1,"href":"https:\/\/cleanhandssavelives.org\/fr\/wp-json\/wp\/v2\/pages\/196\/revisions"}],"predecessor-version":[{"id":197,"href":"https:\/\/cleanhandssavelives.org\/fr\/wp-json\/wp\/v2\/pages\/196\/revisions\/197"}],"wp:attachment":[{"href":"https:\/\/cleanhandssavelives.org\/fr\/wp-json\/wp\/v2\/media?parent=196"}],"curies":[{"name":"wp","href":"https:\/\/api.w.org\/{rel}","templated":true}]}}