{"id":183,"date":"2026-03-07T23:47:31","date_gmt":"2026-03-07T23:47:31","guid":{"rendered":"https:\/\/cleanhandssavelives.org\/le-film\/"},"modified":"2026-03-12T22:11:13","modified_gmt":"2026-03-12T22:11:13","slug":"le-film","status":"publish","type":"page","link":"https:\/\/cleanhandssavelives.org\/fr\/le-film\/","title":{"rendered":"Le film"},"content":{"rendered":"\t\t<div data-elementor-type=\"wp-page\" data-elementor-id=\"183\" class=\"elementor elementor-183 elementor-48\" data-elementor-post-type=\"page\">\n\t\t\t\t<div class=\"elementor-element elementor-element-bc7d442 e-flex e-con-boxed e-con e-parent\" data-id=\"bc7d442\" data-element_type=\"container\" data-e-type=\"container\" data-settings=\"{&quot;background_background&quot;:&quot;classic&quot;,&quot;jet_parallax_layout_list&quot;:[]}\">\n\t\t\t\t\t<div class=\"e-con-inner\">\n\t\t\t\t<div class=\"elementor-element elementor-element-28eed24 elementor-widget elementor-widget-heading\" data-id=\"28eed24\" data-element_type=\"widget\" data-e-type=\"widget\" data-widget_type=\"heading.default\">\n\t\t\t\t\t<h2 class=\"elementor-heading-title elementor-size-default\">Le film<\/h2>\t\t\t\t<\/div>\n\t\t\t\t\t<\/div>\n\t\t\t\t<\/div>\n\t\t<div class=\"elementor-element elementor-element-8f1893c e-flex e-con-boxed e-con e-parent\" data-id=\"8f1893c\" data-element_type=\"container\" data-e-type=\"container\" data-settings=\"{&quot;jet_parallax_layout_list&quot;:[]}\">\n\t\t\t\t\t<div class=\"e-con-inner\">\n\t\t\t\t<div class=\"elementor-element elementor-element-1ad87cc elementor-widget elementor-widget-video\" data-id=\"1ad87cc\" data-element_type=\"widget\" data-e-type=\"widget\" data-settings=\"{&quot;youtube_url&quot;:&quot;https:\\\/\\\/youtu.be\\\/tEQuKsQFEq4?si=i9uLhvM1XiDfFW-d&quot;,&quot;video_type&quot;:&quot;youtube&quot;,&quot;controls&quot;:&quot;yes&quot;}\" data-widget_type=\"video.default\">\n\t\t\t\t\t\t\t<div class=\"elementor-wrapper elementor-open-inline\">\n\t\t\t<div class=\"elementor-video\"><\/div>\t\t<\/div>\n\t\t\t\t\t\t<\/div>\n\t\t\t\t\t<\/div>\n\t\t\t\t<\/div>\n\t\t<div class=\"elementor-element elementor-element-2dad9cd e-flex e-con-boxed e-con e-parent\" data-id=\"2dad9cd\" data-element_type=\"container\" data-e-type=\"container\" data-settings=\"{&quot;jet_parallax_layout_list&quot;:[]}\">\n\t\t\t\t\t<div class=\"e-con-inner\">\n\t\t<div class=\"elementor-element elementor-element-2c00b6d e-con-full e-flex e-con e-child\" data-id=\"2c00b6d\" data-element_type=\"container\" data-e-type=\"container\" data-settings=\"{&quot;background_background&quot;:&quot;classic&quot;,&quot;jet_parallax_layout_list&quot;:[]}\">\n\t\t\t\t<div class=\"elementor-element elementor-element-42c2f69 elementor-widget elementor-widget-heading\" data-id=\"42c2f69\" data-element_type=\"widget\" data-e-type=\"widget\" data-widget_type=\"heading.default\">\n\t\t\t\t\t<h3 class=\"elementor-heading-title elementor-size-default\">Main qui soigne \u2013 Main qui tue<\/h3>\t\t\t\t<\/div>\n\t\t\t\t<div class=\"elementor-element elementor-element-4d0e7c9 elementor-widget elementor-widget-text-editor\" data-id=\"4d0e7c9\" data-element_type=\"widget\" data-e-type=\"widget\" data-widget_type=\"text-editor.default\">\n\t\t\t\t\t\t\t\t\t<p>Ce film documentaire est n\u00e9 d\u2019une rencontre. Ni avec un homme, ni avec une cause. Mais avec les deux. Indissociables. En 20 ans, le Pr Didier Pittet a fait de l\u2019hygi\u00e8ne des mains dans les lieux de soins sa raison d\u2019\u00eatre. Un enjeu plan\u00e9taire qui fait 16 millions de morts chaque ann\u00e9e, partout dans le monde. L\u2019action de Didier Pittet et la g\u00e9n\u00e9ralisation des solutions hydro-alcooliques ont divis\u00e9 par deux le nombre de d\u00e9c\u00e8s directement imput\u00e9 aux infections contract\u00e9es \u00e0 l\u2019h\u00f4pital.    <\/p><p>Du Vietnam au Lib\u00e9ria, en passant par le Royaume-Uni, la Guin\u00e9e, le Br\u00e9sil ou encore l\u2019Arabie Saoudite, CLEAN HANDS vous plonge au c\u0153ur d\u2019une incroyable histoire n\u00e9e aux H\u00f4pitaux Universitaires de Gen\u00e8ve il y a 20 ans, et aujourd\u2019hui partag\u00e9e partout sur la plan\u00e8te. <\/p>\t\t\t\t\t\t\t\t<\/div>\n\t\t\t\t<\/div>\n\t\t<div class=\"elementor-element elementor-element-08a501e e-con-full e-flex e-con e-child\" data-id=\"08a501e\" data-element_type=\"container\" data-e-type=\"container\" data-settings=\"{&quot;jet_parallax_layout_list&quot;:[]}\">\n\t\t\t\t<div class=\"elementor-element elementor-element-d1e402e elementor-widget elementor-widget-text-editor\" data-id=\"d1e402e\" data-element_type=\"widget\" data-e-type=\"widget\" data-widget_type=\"text-editor.default\">\n\t\t\t\t\t\t\t\t\t<div class=\"et_pb_column et_pb_column_1_2 et_pb_column_0 et_pb_css_mix_blend_mode_passthrough\"><div class=\"et_pb_text et_pb_module et_pb_bg_layout_light et_pb_text_align_left et_pb_text_0\"><div class=\"et_pb_text_inner\"><p>Ambassadeur de l\u2019Organisation Mondiale de la Sant\u00e9 (OMS), Didier Pittet porte le programme \u00abClean care is safer care\u00bb aux 4 coins du monde. Avions, h\u00f4tels, h\u00f4pitaux, conf\u00e9rences, enseignement, une vie consacr\u00e9e aux autres depuis 20 ans. Clean Hands retrace le parcours de cet homme passionn\u00e9 qui a d\u00e9di\u00e9 sa vie \u00e0 l\u2019\u00e9tude des infections hospitali\u00e8res.  <\/p><p>Un voyage et des rencontres aussi touchantes que sinc\u00e8res, pour comprendre l\u2019enjeu des infections li\u00e9es aux soins. Un fl\u00e9au qui fait encore aujourd\u2019hui des millions de victimes venues d\u2019abord \u00e0 l\u2019h\u00f4pital pour se soigner sans m\u00eame imaginer que l\u2019h\u00f4pital peut aussi contaminer. <\/p><\/div><\/div><\/div>\t\t\t\t\t\t\t\t<\/div>\n\t\t\t\t<\/div>\n\t\t\t\t\t<\/div>\n\t\t\t\t<\/div>\n\t\t\t\t<\/div>\n\t\t","protected":false},"excerpt":{"rendered":"<p>https:\/\/youtu.be\/tEQuKsQFEq4?si=i9uLhvM1XiDfFW-d Main qui soigne \u2013 Main qui tue Ce film documentaire est n\u00e9 d\u2019une rencontre. Ni avec un homme, ni avec une cause. Mais avec les deux. Indissociables. En 20 ans, le Pr Didier Pittet a fait de l\u2019hygi\u00e8ne des mains dans les lieux de soins sa raison d\u2019\u00eatre. Un enjeu plan\u00e9taire qui fait 16 [&hellip;]<\/p>\n","protected":false},"author":1,"featured_media":0,"parent":0,"menu_order":0,"comment_status":"closed","ping_status":"closed","template":"","meta":{"footnotes":""},"class_list":["post-183","page","type-page","status-publish","hentry"],"_links":{"self":[{"href":"https:\/\/cleanhandssavelives.org\/fr\/wp-json\/wp\/v2\/pages\/183","targetHints":{"allow":["GET"]}}],"collection":[{"href":"https:\/\/cleanhandssavelives.org\/fr\/wp-json\/wp\/v2\/pages"}],"about":[{"href":"https:\/\/cleanhandssavelives.org\/fr\/wp-json\/wp\/v2\/types\/page"}],"author":[{"embeddable":true,"href":"https:\/\/cleanhandssavelives.org\/fr\/wp-json\/wp\/v2\/users\/1"}],"replies":[{"embeddable":true,"href":"https:\/\/cleanhandssavelives.org\/fr\/wp-json\/wp\/v2\/comments?post=183"}],"version-history":[{"count":1,"href":"https:\/\/cleanhandssavelives.org\/fr\/wp-json\/wp\/v2\/pages\/183\/revisions"}],"predecessor-version":[{"id":184,"href":"https:\/\/cleanhandssavelives.org\/fr\/wp-json\/wp\/v2\/pages\/183\/revisions\/184"}],"wp:attachment":[{"href":"https:\/\/cleanhandssavelives.org\/fr\/wp-json\/wp\/v2\/media?parent=183"}],"curies":[{"name":"wp","href":"https:\/\/api.w.org\/{rel}","templated":true}]}}